{"id":339,"date":"2021-05-12T21:08:32","date_gmt":"2021-05-12T21:08:32","guid":{"rendered":"https:\/\/sunhc.com.br\/hrbp\/?page_id=339"},"modified":"2021-05-18T12:46:51","modified_gmt":"2021-05-18T12:46:51","slug":"faq","status":"publish","type":"page","link":"https:\/\/sunhc.com.br\/hrbp\/faq\/","title":{"rendered":"FAQ"},"content":{"rendered":"\t\t<div data-elementor-type=\"wp-page\" data-elementor-id=\"339\" class=\"elementor elementor-339\" data-elementor-settings=\"[]\">\n\t\t\t\t\t\t<div class=\"elementor-inner\">\n\t\t\t\t\t\t\t<div class=\"elementor-section-wrap\">\n\t\t\t\t\t\t\t<section class=\"elementor-section elementor-top-section elementor-element elementor-element-4d46ec2 elementor-section-stretched elementor-section-boxed elementor-section-height-default elementor-section-height-default\" data-id=\"4d46ec2\" data-element_type=\"section\" data-settings=\"{&quot;stretch_section&quot;:&quot;section-stretched&quot;,&quot;background_background&quot;:&quot;classic&quot;}\">\n\t\t\t\t\t\t<div class=\"elementor-container elementor-column-gap-default\">\n\t\t\t\t\t\t\t<div class=\"elementor-row\">\n\t\t\t\t\t<div class=\"elementor-column elementor-col-100 elementor-top-column elementor-element elementor-element-a03ab3d\" data-id=\"a03ab3d\" data-element_type=\"column\">\n\t\t\t<div class=\"elementor-column-wrap elementor-element-populated\">\n\t\t\t\t\t\t\t<div class=\"elementor-widget-wrap\">\n\t\t\t\t\t\t<div class=\"elementor-element elementor-element-f8a3a71 elementor-widget elementor-widget-spacer\" data-id=\"f8a3a71\" data-element_type=\"widget\" data-widget_type=\"spacer.default\">\n\t\t\t\t<div class=\"elementor-widget-container\">\n\t\t\t\t\t<div class=\"elementor-spacer\">\n\t\t\t<div class=\"elementor-spacer-inner\"><\/div>\n\t\t<\/div>\n\t\t\t\t<\/div>\n\t\t\t\t<\/div>\n\t\t\t\t<div class=\"elementor-element elementor-element-3742a24 elementor-widget elementor-widget-text-editor\" data-id=\"3742a24\" data-element_type=\"widget\" data-widget_type=\"text-editor.default\">\n\t\t\t\t<div class=\"elementor-widget-container\">\n\t\t\t\t\t<div class=\"elementor-text-editor elementor-clearfix\"><p><b>Voc\u00ea, profissional de RH, gostaria de ter mais voz ativa nas decis\u00f5es estrat\u00e9gicas?<br><\/b>&gt; O nosso curso de HRBP foi desenhado para que voc\u00ea desenvolva as compet\u00eancias necess\u00e1rias para se tornar uma pe\u00e7a-chave.<\/p>\n<p><b>Voc\u00ea, profissional de RH, gostaria de participar mais ativamente das reuni\u00f5es estrat\u00e9gicas da sua empresa?<br><\/b>&gt; No nosso curso de HRBP voc\u00ea aprender\u00e1 como coletar e analisar informa\u00e7\u00f5es que te permitir\u00e3o entender melhor as \u00e1reas de neg\u00f3cio e o que voc\u00ea pode fazer para tornar-se um profissional indispens\u00e1vel.<\/p>\n<p><b>Voc\u00ea sabe quais as melhores ferramentas que o HRBP tem para oferecer \u00e0s \u00e1reas de neg\u00f3cio?<br><\/b>&gt; A resposta \u00e9: Depende, voc\u00ea precisa conhecer muito bem o seu cliente interno e as ferramentas dispon\u00edveis antes de oferecer uma solu\u00e7\u00e3o.&nbsp;<span style=\"letter-spacing: 0px;\">Existem ferramentais espec\u00edficas para cada situa\u00e7\u00e3o. Participe da nossa forma\u00e7\u00e3o em HRBP e amplie o seu repert\u00f3rio.<\/span><\/p>\n<p><b>Como profissional de RH, voc\u00ea sabe como avaliar as principais necessidades das \u00e1reas de neg\u00f3cio da sua empresa?<br><\/b>&gt; Cada \u00e1rea possui necessidades espec\u00edficas e \u00e9 fun\u00e7\u00e3o do HRBP conhec\u00ea-las. Sabia que existem metodologias espec\u00edficas que podem te ajudar a incrementar sua atua\u00e7\u00e3o como consultor interno?<\/p>\n<p><span style=\"letter-spacing: 0px;\"><b>Voc\u00ea consegue avaliar quanto as \u00e1reas de neg\u00f3cio est\u00e3o alinhadas com a estrat\u00e9gia e cultura da empresa?<br><\/b><\/span><span style=\"letter-spacing: 0px;\">&gt; Um bom HRBP sabe escolher as ferramentas certas, identificar os gaps e propor solu\u00e7\u00f5es. Fa\u00e7a o nosso curso de RHBP e aprenda n\u00e3o s\u00f3 como avaliar, mas tamb\u00e9m como agir para atingir os objetivos da empresa.<\/span><\/p>\n<p><b>Sabia que h\u00e1 estudos que comprovam que a falta de comunica\u00e7\u00e3o afeta diretamente a produtividade da empresa?<br><\/b>&gt; Um dos pap\u00e9is do HRBP \u00e9 garantir um fluxo cont\u00ednuo de informa\u00e7\u00f5es entre as \u00e1reas. Venha aprender como um bom mapeamento do cliente pode te ajudar a aumentar a persuas\u00e3o e assertividade nos processos de comunica\u00e7\u00e3o.<\/p>\n<p><b>Sabe aquele problema que incomoda mas ningu\u00e9m conseguiu ainda identificar a origem?<br><\/b>&gt; Uma estrutura de HRBP bem alinhada com as \u00e1reas de neg\u00f3cios ajuda na identifica\u00e7\u00e3o e solu\u00e7\u00e3o desse tipo de problemas.<\/p>\n<p><b>Voc\u00ea sabia que \u00e9 poss\u00edvel reduzir o turnover e aumentar a produtividade da empresa implementando uma cultura de cuidado com as pessoas?<br><\/b>&gt; Por conhecer melhor as \u00e1reas de neg\u00f3cio, o HRBP pode apoiar substancialmente esse processo.<\/p>\n<p><b>Voc\u00ea se sente estagnado na carreira de RH? Gostaria de ter uma atua\u00e7\u00e3o mais estrat\u00e9gica, contribuindo para o sucesso da empresa?<br><\/b>&gt; Prepare-se para atuar como um HRBP e conquiste seu espa\u00e7o! Nosso curso de HRBP te dar\u00e1 as ferramentas necess\u00e1rias.<\/p>\n<p><b>Voc\u00ea, HRBP, gostaria de ter ferramentas mais adequadas para apoiar as \u00e1reas de neg\u00f3cio?<br><\/b>&gt; Conhe\u00e7a as melhores ferramentas dispon\u00edveis no mercado no nosso curso de HRBP.<\/p>\n<p><b>Voc\u00ea, analista de RH, sabia que a posi\u00e7\u00e3o de HRBP pode abrir as portas para novos rumos na sua carreira?<br><\/b>&gt; Desenvolva as compet\u00eancias necess\u00e1rias no nosso curso de HRBP.<\/p>\n<p><b>Voc\u00ea sabe como medir e apresentar resultados das iniciativas de RH?<br><\/b>&gt; Aprenda a desenvolver KPIs significativos no nosso curso de HRBP.<\/p>\n<p><b>Voc\u00ea sente que a comunica\u00e7\u00e3o entre RH e as \u00e1reas de neg\u00f3cio poderia ser melhor na sua empresa?<br><\/b>&gt; Um dos pap\u00e9is do HRBP \u00e9 garantir um fluxo cont\u00ednuo de informa\u00e7\u00f5es entre as \u00e1reas.<\/p>\n<p><b>O RH da sua empresa est\u00e1 preparado para contribuir diretamente com a performance das \u00e1reas de neg\u00f3cio?<br><\/b>&gt; Uma das fun\u00e7\u00f5es do HRBP \u00e9 entender as necessidades dos clientes internos e oferecer as melhores solu\u00e7\u00f5es.<\/p>\n<p><b>Voc\u00ea j\u00e1 ouviu falar da tend\u00eancia de Customer Centricity no RH 4.0<br><\/b>&gt; Aprenda com profundidade o que \u00e9 e como aplicar em seus produtos de RH.<\/p>\n<p><b>Voc\u00ea sabe utilizar a ferramenta de Jornada do Colaborador para aperfei\u00e7oar a employee experience?<br><\/b>&gt; N\u00e3o? Ent\u00e3o fa\u00e7a agora mesmo a sua inscri\u00e7\u00e3o e fique atualizado com as tend\u00eancias de RH 4.0<\/p>\n<p><b>Como a quarta Revolu\u00e7\u00e3o Industrial e a era da transforma\u00e7\u00e3o digital afetam os modelos de ser e fazer RH?<br><\/b>&gt; Venha descobrir e protagonizar as mudan\u00e7as na sua organiza\u00e7\u00e3o!<\/p><\/div>\n\t\t\t\t<\/div>\n\t\t\t\t<\/div>\n\t\t\t\t\t\t<\/div>\n\t\t\t\t\t<\/div>\n\t\t<\/div>\n\t\t\t\t\t\t\t\t<\/div>\n\t\t\t\t\t<\/div>\n\t\t<\/section>\n\t\t\t\t<section class=\"elementor-section elementor-top-section elementor-element elementor-element-175be82 elementor-section-stretched elementor-section-boxed elementor-section-height-default elementor-section-height-default elementor-invisible\" data-id=\"175be82\" data-element_type=\"section\" id=\"inscricao\" data-settings=\"{&quot;stretch_section&quot;:&quot;section-stretched&quot;,&quot;background_background&quot;:&quot;classic&quot;,&quot;animation&quot;:&quot;fadeIn&quot;}\">\n\t\t\t\t\t\t<div class=\"elementor-container elementor-column-gap-wider\">\n\t\t\t\t\t\t\t<div class=\"elementor-row\">\n\t\t\t\t\t<div class=\"elementor-column elementor-col-100 elementor-top-column elementor-element elementor-element-040c308\" data-id=\"040c308\" data-element_type=\"column\">\n\t\t\t<div class=\"elementor-column-wrap elementor-element-populated\">\n\t\t\t\t\t\t\t<div class=\"elementor-widget-wrap\">\n\t\t\t\t\t\t<div class=\"elementor-element elementor-element-393fafa elementor-align-center elementor-widget elementor-widget-button\" data-id=\"393fafa\" data-element_type=\"widget\" data-widget_type=\"button.default\">\n\t\t\t\t<div class=\"elementor-widget-container\">\n\t\t\t\t\t<div class=\"elementor-button-wrapper\">\n\t\t\t<a href=\"https:\/\/sunhc.com.br\/hrbp\/\" class=\"elementor-button-link elementor-button elementor-size-md\" role=\"button\">\n\t\t\t\t\t\t<span class=\"elementor-button-content-wrapper\">\n\t\t\t\t\t\t<span class=\"elementor-button-text\">INSCREVA-SE<\/span>\n\t\t<\/span>\n\t\t\t\t\t<\/a>\n\t\t<\/div>\n\t\t\t\t<\/div>\n\t\t\t\t<\/div>\n\t\t\t\t\t\t<\/div>\n\t\t\t\t\t<\/div>\n\t\t<\/div>\n\t\t\t\t\t\t\t\t<\/div>\n\t\t\t\t\t<\/div>\n\t\t<\/section>\n\t\t\t\t<section class=\"elementor-section elementor-top-section elementor-element elementor-element-38c9ab7 elementor-section-stretched elementor-section-boxed elementor-section-height-default elementor-section-height-default\" data-id=\"38c9ab7\" data-element_type=\"section\" id=\"getapp\" data-settings=\"{&quot;stretch_section&quot;:&quot;section-stretched&quot;,&quot;background_background&quot;:&quot;classic&quot;}\">\n\t\t\t\t\t\t<div class=\"elementor-container elementor-column-gap-wider\">\n\t\t\t\t\t\t\t<div class=\"elementor-row\">\n\t\t\t\t\t<div class=\"elementor-column elementor-col-100 elementor-top-column elementor-element elementor-element-2c2f56d\" data-id=\"2c2f56d\" data-element_type=\"column\">\n\t\t\t<div class=\"elementor-column-wrap elementor-element-populated\">\n\t\t\t\t\t\t\t<div class=\"elementor-widget-wrap\">\n\t\t\t\t\t\t<div class=\"elementor-element elementor-element-ea233f5 elementor-widget elementor-widget-spacer\" data-id=\"ea233f5\" data-element_type=\"widget\" data-widget_type=\"spacer.default\">\n\t\t\t\t<div class=\"elementor-widget-container\">\n\t\t\t\t\t<div class=\"elementor-spacer\">\n\t\t\t<div class=\"elementor-spacer-inner\"><\/div>\n\t\t<\/div>\n\t\t\t\t<\/div>\n\t\t\t\t<\/div>\n\t\t\t\t<div class=\"elementor-element elementor-element-22b79df elementor-widget elementor-widget-image\" data-id=\"22b79df\" data-element_type=\"widget\" data-widget_type=\"image.default\">\n\t\t\t\t<div class=\"elementor-widget-container\">\n\t\t\t\t\t<div class=\"elementor-image\">\n\t\t\t\t\t\t\t\t\t\t<img loading=\"lazy\" decoding=\"async\" width=\"224\" height=\"70\" src=\"https:\/\/sunhc.com.br\/hrbp\/wp-content\/uploads\/2021\/03\/logo-branco.png\" class=\"attachment-large size-large\" alt=\"\" srcset=\"https:\/\/sunhc.com.br\/hrbp\/wp-content\/uploads\/2021\/03\/logo-branco.png 224w, https:\/\/sunhc.com.br\/hrbp\/wp-content\/uploads\/2021\/03\/logo-branco-50x16.png 50w, https:\/\/sunhc.com.br\/hrbp\/wp-content\/uploads\/2021\/03\/logo-branco-150x47.png 150w\" sizes=\"auto, (max-width: 224px) 100vw, 224px\" \/>\t\t\t\t\t\t\t\t\t\t\t<\/div>\n\t\t\t\t<\/div>\n\t\t\t\t<\/div>\n\t\t\t\t<div class=\"elementor-element elementor-element-e0d9d15 elementor-widget elementor-widget-text-editor\" data-id=\"e0d9d15\" data-element_type=\"widget\" data-widget_type=\"text-editor.default\">\n\t\t\t\t<div class=\"elementor-widget-container\">\n\t\t\t\t\t<div class=\"elementor-text-editor elementor-clearfix\"><p>Av. Paulista, 2421 &#8211; 1\u00b0 andar, Jardins, S\u00e3o Paulo &#8211; SP<br \/>contato@sunhc.com.br<\/p><\/div>\n\t\t\t\t<\/div>\n\t\t\t\t<\/div>\n\t\t\t\t<section class=\"elementor-section elementor-inner-section elementor-element elementor-element-90bb99e elementor-section-boxed elementor-section-height-default elementor-section-height-default\" data-id=\"90bb99e\" data-element_type=\"section\">\n\t\t\t\t\t\t<div class=\"elementor-container elementor-column-gap-default\">\n\t\t\t\t\t\t\t<div class=\"elementor-row\">\n\t\t\t\t\t<div class=\"elementor-column elementor-col-100 elementor-inner-column elementor-element elementor-element-44676af\" data-id=\"44676af\" data-element_type=\"column\">\n\t\t\t<div class=\"elementor-column-wrap elementor-element-populated\">\n\t\t\t\t\t\t\t<div class=\"elementor-widget-wrap\">\n\t\t\t\t\t\t<div class=\"elementor-element elementor-element-6d27c9f elementor-shape-circle elementor-grid-0 elementor-widget elementor-widget-social-icons\" data-id=\"6d27c9f\" data-element_type=\"widget\" data-widget_type=\"social-icons.default\">\n\t\t\t\t<div class=\"elementor-widget-container\">\n\t\t\t\t\t<div class=\"elementor-social-icons-wrapper elementor-grid\">\n\t\t\t\t\t\t\t<div class=\"elementor-grid-item\">\n\t\t\t\t\t<a class=\"elementor-icon elementor-social-icon elementor-social-icon-linkedin elementor-repeater-item-ff23939\" href=\"https:\/\/www.linkedin.com\/company\/sunhc\" target=\"_blank\">\n\t\t\t\t\t\t<span class=\"elementor-screen-only\">Linkedin<\/span>\n\t\t\t\t\t\t<i class=\"fab fa-linkedin\"><\/i>\t\t\t\t\t<\/a>\n\t\t\t\t<\/div>\n\t\t\t\t\t\t\t<div class=\"elementor-grid-item\">\n\t\t\t\t\t<a class=\"elementor-icon elementor-social-icon elementor-social-icon-instagram elementor-repeater-item-6eff1bf\" href=\"https:\/\/www.instagram.com\/sun_hc\/\" target=\"_blank\">\n\t\t\t\t\t\t<span class=\"elementor-screen-only\">Instagram<\/span>\n\t\t\t\t\t\t<i class=\"fab fa-instagram\"><\/i>\t\t\t\t\t<\/a>\n\t\t\t\t<\/div>\n\t\t\t\t\t\t\t<div class=\"elementor-grid-item\">\n\t\t\t\t\t<a class=\"elementor-icon elementor-social-icon elementor-social-icon-youtube elementor-repeater-item-c44a70a\" href=\"https:\/\/www.youtube.com\/channel\/UCHyluod1ZTyO2l7e7fN_tQw\" target=\"_blank\">\n\t\t\t\t\t\t<span class=\"elementor-screen-only\">Youtube<\/span>\n\t\t\t\t\t\t<i class=\"fab fa-youtube\"><\/i>\t\t\t\t\t<\/a>\n\t\t\t\t<\/div>\n\t\t\t\t\t<\/div>\n\t\t\t\t<\/div>\n\t\t\t\t<\/div>\n\t\t\t\t\t\t<\/div>\n\t\t\t\t\t<\/div>\n\t\t<\/div>\n\t\t\t\t\t\t\t\t<\/div>\n\t\t\t\t\t<\/div>\n\t\t<\/section>\n\t\t\t\t\t\t<\/div>\n\t\t\t\t\t<\/div>\n\t\t<\/div>\n\t\t\t\t\t\t\t\t<\/div>\n\t\t\t\t\t<\/div>\n\t\t<\/section>\n\t\t\t\t\t\t<\/div>\n\t\t\t\t\t\t<\/div>\n\t\t\t\t\t<\/div>\n\t\t","protected":false},"excerpt":{"rendered":"<p>Estamos vivendo aceleradamente a quarta revolu\u00e7\u00e3o industrial, que est\u00e1 transformando nosso mundo em um sistema cada vez mais VOL\u00c1TIL, INCERTO, COMPLEXO E AMB\u00cdGUO. Se o mundo<span class=\"excerpt-hellip\"> [\u2026]<\/span><\/p>\n","protected":false},"author":1,"featured_media":0,"parent":0,"menu_order":1,"comment_status":"closed","ping_status":"closed","template":"","meta":{"footnotes":""},"class_list":["post-339","page","type-page","status-publish","hentry"],"_links":{"self":[{"href":"https:\/\/sunhc.com.br\/hrbp\/wp-json\/wp\/v2\/pages\/339","targetHints":{"allow":["GET"]}}],"collection":[{"href":"https:\/\/sunhc.com.br\/hrbp\/wp-json\/wp\/v2\/pages"}],"about":[{"href":"https:\/\/sunhc.com.br\/hrbp\/wp-json\/wp\/v2\/types\/page"}],"author":[{"embeddable":true,"href":"https:\/\/sunhc.com.br\/hrbp\/wp-json\/wp\/v2\/users\/1"}],"replies":[{"embeddable":true,"href":"https:\/\/sunhc.com.br\/hrbp\/wp-json\/wp\/v2\/comments?post=339"}],"version-history":[{"count":10,"href":"https:\/\/sunhc.com.br\/hrbp\/wp-json\/wp\/v2\/pages\/339\/revisions"}],"predecessor-version":[{"id":356,"href":"https:\/\/sunhc.com.br\/hrbp\/wp-json\/wp\/v2\/pages\/339\/revisions\/356"}],"wp:attachment":[{"href":"https:\/\/sunhc.com.br\/hrbp\/wp-json\/wp\/v2\/media?parent=339"}],"curies":[{"name":"wp","href":"https:\/\/api.w.org\/{rel}","templated":true}]}}